{"id":3325,"date":"2023-09-28T17:23:00","date_gmt":"2023-09-28T17:23:00","guid":{"rendered":"https:\/\/creo.uqam.ca\/?page_id=3325"},"modified":"2026-01-15T12:55:41","modified_gmt":"2026-01-15T12:55:41","slug":"publications","status":"publish","type":"page","link":"https:\/\/creo.uqam.ca\/en\/publications\/","title":{"rendered":"Publications"},"content":{"rendered":"\t\t<div data-elementor-type=\"wp-page\" data-elementor-id=\"3325\" class=\"elementor elementor-3325\">\n\t\t\t\t\t\t<section class=\"elementor-section elementor-top-section elementor-element elementor-element-066ccfb elementor-section-boxed elementor-section-height-default elementor-section-height-default elementor-invisible\" data-id=\"066ccfb\" data-element_type=\"section\" data-e-type=\"section\" data-settings=\"{&quot;animation&quot;:&quot;fadeIn&quot;}\">\n\t\t\t\t\t\t<div class=\"elementor-container elementor-column-gap-default\">\n\t\t\t\t\t<div class=\"elementor-column elementor-col-100 elementor-top-column elementor-element elementor-element-920d7a8\" data-id=\"920d7a8\" data-element_type=\"column\" data-e-type=\"column\">\n\t\t\t<div class=\"elementor-widget-wrap elementor-element-populated\">\n\t\t\t\t\t\t<section class=\"elementor-section elementor-inner-section elementor-element elementor-element-d59ea28 elementor-section-boxed elementor-section-height-default elementor-section-height-default\" data-id=\"d59ea28\" data-element_type=\"section\" data-e-type=\"section\">\n\t\t\t\t\t\t<div class=\"elementor-container elementor-column-gap-default\">\n\t\t\t\t\t<div class=\"elementor-column elementor-col-50 elementor-inner-column elementor-element elementor-element-9235b3a\" data-id=\"9235b3a\" data-element_type=\"column\" data-e-type=\"column\">\n\t\t\t<div class=\"elementor-widget-wrap elementor-element-populated\">\n\t\t\t\t\t\t<div class=\"elementor-element elementor-element-d9e4273 elementor-widget elementor-widget-heading\" data-id=\"d9e4273\" data-element_type=\"widget\" data-e-type=\"widget\" data-widget_type=\"heading.default\">\n\t\t\t\t<div class=\"elementor-widget-container\">\n\t\t\t\t\t<h6 class=\"elementor-heading-title elementor-size-default\">RECHERCHE<\/h6>\t\t\t\t<\/div>\n\t\t\t\t<\/div>\n\t\t\t\t<div class=\"elementor-element elementor-element-693ffa4 elementor-widget elementor-widget-heading\" data-id=\"693ffa4\" data-element_type=\"widget\" data-e-type=\"widget\" data-widget_type=\"heading.default\">\n\t\t\t\t<div class=\"elementor-widget-container\">\n\t\t\t\t\t<h3 class=\"elementor-heading-title elementor-size-default\">Publications<\/h3>\t\t\t\t<\/div>\n\t\t\t\t<\/div>\n\t\t\t\t\t<\/div>\n\t\t<\/div>\n\t\t\t\t<div class=\"elementor-column elementor-col-50 elementor-inner-column elementor-element elementor-element-3ed2e71\" data-id=\"3ed2e71\" data-element_type=\"column\" data-e-type=\"column\" data-settings=\"{&quot;animation&quot;:&quot;none&quot;}\">\n\t\t\t<div class=\"elementor-widget-wrap elementor-element-populated\">\n\t\t\t\t\t\t<div class=\"elementor-element elementor-element-e552eb6 elementor-widget elementor-widget-heading\" data-id=\"e552eb6\" data-element_type=\"widget\" data-e-type=\"widget\" data-widget_type=\"heading.default\">\n\t\t\t\t<div class=\"elementor-widget-container\">\n\t\t\t\t\t<h6 class=\"elementor-heading-title elementor-size-default\"> <\/h6>\t\t\t\t<\/div>\n\t\t\t\t<\/div>\n\t\t\t\t<div class=\"elementor-element elementor-element-4752233 elementor-shape-circle e-grid-align-left elementor-grid-0 elementor-widget elementor-widget-social-icons\" data-id=\"4752233\" data-element_type=\"widget\" data-e-type=\"widget\" data-settings=\"{&quot;_animation&quot;:&quot;none&quot;}\" data-widget_type=\"social-icons.default\">\n\t\t\t\t<div class=\"elementor-widget-container\">\n\t\t\t\t\t\t\t<div class=\"elementor-social-icons-wrapper elementor-grid\" role=\"list\">\n\t\t\t\t\t\t\t<span class=\"elementor-grid-item\" role=\"listitem\">\n\t\t\t\t\t<a class=\"elementor-icon elementor-social-icon elementor-social-icon-facebook-f elementor-animation-grow elementor-repeater-item-9c86cde\" href=\"https:\/\/www.facebook.com\/profile.php?id=100087380961551\" target=\"_blank\">\n\t\t\t\t\t\t<span class=\"elementor-screen-only\">Facebook-f<\/span>\n\t\t\t\t\t\t<i aria-hidden=\"true\" class=\"fab fa-facebook-f\"><\/i>\t\t\t\t\t<\/a>\n\t\t\t\t<\/span>\n\t\t\t\t\t\t\t<span class=\"elementor-grid-item\" role=\"listitem\">\n\t\t\t\t\t<a class=\"elementor-icon elementor-social-icon elementor-social-icon-instagram elementor-animation-grow elementor-repeater-item-7bcbd9e\" href=\"https:\/\/www.instagram.com\/laboratoire_creo\/?fbclid=IwAR1QBIDM8kR53Bv-9Pa9FXOezEDY9CJRBtRqHaOq1qqXBw8R2oaLJt7DkWs\" target=\"_blank\">\n\t\t\t\t\t\t<span class=\"elementor-screen-only\">Instagram<\/span>\n\t\t\t\t\t\t<i aria-hidden=\"true\" class=\"fab fa-instagram\"><\/i>\t\t\t\t\t<\/a>\n\t\t\t\t<\/span>\n\t\t\t\t\t\t\t<span class=\"elementor-grid-item\" role=\"listitem\">\n\t\t\t\t\t<a class=\"elementor-icon elementor-social-icon elementor-social-icon-envelope elementor-animation-grow elementor-repeater-item-268aa82\" href=\"https:\/\/creo.uqam.ca\/contact\/\">\n\t\t\t\t\t\t<span class=\"elementor-screen-only\">Envelope<\/span>\n\t\t\t\t\t\t<i aria-hidden=\"true\" class=\"fas fa-envelope\"><\/i>\t\t\t\t\t<\/a>\n\t\t\t\t<\/span>\n\t\t\t\t\t<\/div>\n\t\t\t\t\t\t<\/div>\n\t\t\t\t<\/div>\n\t\t\t\t\t<\/div>\n\t\t<\/div>\n\t\t\t\t\t<\/div>\n\t\t<\/section>\n\t\t\t\t\t<\/div>\n\t\t<\/div>\n\t\t\t\t\t<\/div>\n\t\t<\/section>\n\t\t\t\t<section class=\"elementor-section elementor-top-section elementor-element elementor-element-d1da3ec elementor-section-boxed elementor-section-height-default elementor-section-height-default\" data-id=\"d1da3ec\" data-element_type=\"section\" data-e-type=\"section\">\n\t\t\t\t\t\t<div class=\"elementor-container elementor-column-gap-default\">\n\t\t\t\t\t<div class=\"elementor-column elementor-col-100 elementor-top-column elementor-element elementor-element-e8d71b7\" data-id=\"e8d71b7\" data-element_type=\"column\" data-e-type=\"column\">\n\t\t\t<div class=\"elementor-widget-wrap elementor-element-populated\">\n\t\t\t\t\t\t<div class=\"elementor-element elementor-element-e158ae5 elementor-align-left e-transform elementor-invisible elementor-widget elementor-widget-button\" data-id=\"e158ae5\" data-element_type=\"widget\" data-e-type=\"widget\" data-settings=\"{&quot;_animation&quot;:&quot;fadeIn&quot;,&quot;_transform_rotateZ_effect&quot;:{&quot;unit&quot;:&quot;px&quot;,&quot;size&quot;:0,&quot;sizes&quot;:[]},&quot;_transform_rotateZ_effect_tablet&quot;:{&quot;unit&quot;:&quot;deg&quot;,&quot;size&quot;:&quot;&quot;,&quot;sizes&quot;:[]},&quot;_transform_rotateZ_effect_mobile&quot;:{&quot;unit&quot;:&quot;deg&quot;,&quot;size&quot;:&quot;&quot;,&quot;sizes&quot;:[]}}\" data-widget_type=\"button.default\">\n\t\t\t\t<div class=\"elementor-widget-container\">\n\t\t\t\t\t\t\t\t\t<div class=\"elementor-button-wrapper\">\n\t\t\t\t\t<a class=\"elementor-button elementor-button-link elementor-size-md\" href=\"https:\/\/scholar.google.com\/citations?hl=fr&#038;user=PU_TujoAAAAJ&#038;view_op=list_works&#038;sortby=pubdate\">\n\t\t\t\t\t\t<span class=\"elementor-button-content-wrapper\">\n\t\t\t\t\t\t\t\t\t<span class=\"elementor-button-text\">Voir la liste compl\u00e8te<\/span>\n\t\t\t\t\t<\/span>\n\t\t\t\t\t<\/a>\n\t\t\t\t<\/div>\n\t\t\t\t\t\t\t\t<\/div>\n\t\t\t\t<\/div>\n\t\t\t\t\t<\/div>\n\t\t<\/div>\n\t\t\t\t\t<\/div>\n\t\t<\/section>\n\t\t\t\t<section class=\"elementor-section elementor-top-section elementor-element elementor-element-5882438 elementor-section-boxed elementor-section-height-default elementor-section-height-default elementor-invisible\" data-id=\"5882438\" data-element_type=\"section\" data-e-type=\"section\" data-settings=\"{&quot;animation&quot;:&quot;fadeIn&quot;}\">\n\t\t\t\t\t\t<div class=\"elementor-container elementor-column-gap-default\">\n\t\t\t\t\t<div class=\"elementor-column elementor-col-100 elementor-top-column elementor-element elementor-element-9995d9f\" data-id=\"9995d9f\" data-element_type=\"column\" data-e-type=\"column\">\n\t\t\t<div class=\"elementor-widget-wrap elementor-element-populated\">\n\t\t\t\t\t\t<div class=\"elementor-element elementor-element-b49acb3 elementor-widget elementor-widget-avas-post-alter\" data-id=\"b49acb3\" data-element_type=\"widget\" data-e-type=\"widget\" data-widget_type=\"avas-post-alter.default\">\n\t\t\t\t<div class=\"elementor-widget-container\">\n\t\t\t\t\t            <div class=\"tx-post-alter-wrap\">\n\n                <div class=\"tx-post-alter-image-content\">\n                                            <div class=\"featured-thumb\">\n                                                        <img decoding=\"async\" src=\"https:\/\/creo.uqam.ca\/wp-content\/uploads\/2026\/03\/article_PAID_2026-525x443.jpg\" alt=\"Personality and Individual Differences Inside a Creativity Mirage: Hypomanic Traits Are Related to Biases in Self-Evaluations of Originality\">\n                        <\/div><!-- featured-thumb -->\n                                    <\/div><!-- tx-post-alter-image-content -->\n\n                                <div class=\"tx-post-alter-text-content\">\n                                            <h3 class=\"tx-post-alter-title\">\n                           <a href=\"https:\/\/creo.uqam.ca\/en\/portfolio\/personality-and-individual-differences-inside-a-creativity-mirage-hypomanic-traits-are-related-to-biases-in-self-evaluations-of-originality\/\" title=\"Personality and Individual Differences Inside a Creativity Mirage: Hypomanic Traits Are Related to Biases in Self-Evaluations of Originality\" rel=\"bookmark\">\n                            Personality and Individual Differences Inside a Creativity Mirage: Hypomanic Traits Are Related to Biases in Self-Evaluations of Originality                            <\/a>\n                        <\/h3>\n                    \n                    <!-- .entry-meta -->\n                                            <div class=\"tx-post-alter-desc\">Le laboratoire CREO a r\u00e9cemment publi\u00e9 un article dans Personality and Individual Differences explorant les liens entre les tendances bipolaires et le potentiel cr\u00e9atif. Nos r\u00e9sultats mettent en lumi\u00e8re un d\u00e9calage int\u00e9ressant : les traits hypomaniaques sont associ\u00e9s \u00e0 une plus grande perception de sa propre originalit\u00e9, alors que les mesures objectives r\u00e9v\u00e8lent plut\u00f4t un [&hellip;]<\/div>\n                                                                <a class=\"tx-post-read-more\" href=\"https:\/\/creo.uqam.ca\/en\/portfolio\/personality-and-individual-differences-inside-a-creativity-mirage-hypomanic-traits-are-related-to-biases-in-self-evaluations-of-originality\/\">+<\/a>\n                                    <\/div><!-- tx-post-alter-text-content -->\n                \n            <\/div><!-- tx-post-alter-wrap -->\n                    <div class=\"tx-post-alter-wrap\">\n\n                <div class=\"tx-post-alter-image-content\">\n                                            <div class=\"featured-thumb\">\n                                                        <img decoding=\"async\" src=\"https:\/\/creo.uqam.ca\/wp-content\/uploads\/2026\/01\/cognitive_control_children_jocb-1-525x525.jpg\" alt=\"Cognitive Control and Creativity in Children: The Role ofTask-Specific Demands in Divergent Thinking\">\n                        <\/div><!-- featured-thumb -->\n                                    <\/div><!-- tx-post-alter-image-content -->\n\n                                <div class=\"tx-post-alter-text-content\">\n                                            <h3 class=\"tx-post-alter-title\">\n                           <a href=\"https:\/\/creo.uqam.ca\/en\/portfolio\/cognitive-control-and-creativity-in-children-the-role-oftask-specific-demands-in-divergent-thinking\/\" title=\"Cognitive Control and Creativity in Children: The Role ofTask-Specific Demands in Divergent Thinking\" rel=\"bookmark\">\n                            Cognitive Control and Creativity in Children: The Role ofTask-Specific Demands in Divergent Thinking                            <\/a>\n                        <\/h3>\n                    \n                    <!-- .entry-meta -->\n                                            <div class=\"tx-post-alter-desc\">de Chantal, P.-L., Leblanc, M.-C., Houde-Labrecque, C., Labrie, C. &nbsp; Cognitive control is known to support divergent thinking in adults, but findings in children remain mixed. This study examinedthe association between cognitive control\u2014measured as a composite score from two executive function tasks\u2014and verbal diver-gent thinking in 120 French-speaking school-aged children (aged 10 to 12 years). [&hellip;]<\/div>\n                                                                <a class=\"tx-post-read-more\" href=\"https:\/\/creo.uqam.ca\/en\/portfolio\/cognitive-control-and-creativity-in-children-the-role-oftask-specific-demands-in-divergent-thinking\/\">+<\/a>\n                                    <\/div><!-- tx-post-alter-text-content -->\n                \n            <\/div><!-- tx-post-alter-wrap -->\n                    <div class=\"tx-post-alter-wrap\">\n\n                <div class=\"tx-post-alter-image-content\">\n                                            <div class=\"featured-thumb\">\n                                                        <img decoding=\"async\" src=\"https:\/\/creo.uqam.ca\/wp-content\/uploads\/2024\/12\/crj_feedback_2024-525x430.png\" alt=\"Investigating lasting effects of real-time feedback on originality and evaluation accuracy\">\n                        <\/div><!-- featured-thumb -->\n                                    <\/div><!-- tx-post-alter-image-content -->\n\n                                <div class=\"tx-post-alter-text-content\">\n                                            <h3 class=\"tx-post-alter-title\">\n                           <a href=\"https:\/\/creo.uqam.ca\/en\/portfolio\/investigating-lasting-effects-of-real-time-feedback-on-originality-and-evaluation-accuracy\/\" title=\"Investigating lasting effects of real-time feedback on originality and evaluation accuracy\" rel=\"bookmark\">\n                            Investigating lasting effects of real-time feedback on originality and evaluation accuracy                            <\/a>\n                        <\/h3>\n                    \n                    <!-- .entry-meta -->\n                                            <div class=\"tx-post-alter-desc\">de Chantal, P.-L., Houde-Labrecque, C., Leblanc, M.-C. &amp; Organisciak, P. &nbsp; Previous research has highlighted the benefits of real-time automated feedback in enhancing originality in divergent thinking tasks. In this preregistered study, we sought to replicate these findings, investigating whether improvements in creative ideation persist after feedback is discontinued, and assess the impact on evaluation [&hellip;]<\/div>\n                                                                <a class=\"tx-post-read-more\" href=\"https:\/\/creo.uqam.ca\/en\/portfolio\/investigating-lasting-effects-of-real-time-feedback-on-originality-and-evaluation-accuracy\/\">+<\/a>\n                                    <\/div><!-- tx-post-alter-text-content -->\n                \n            <\/div><!-- tx-post-alter-wrap -->\n                    <div class=\"tx-post-alter-wrap\">\n\n                <div class=\"tx-post-alter-image-content\">\n                                            <div class=\"featured-thumb\">\n                                                        <img decoding=\"async\" src=\"https:\/\/creo.uqam.ca\/wp-content\/uploads\/2023\/08\/paca_2023_examples-525x430.png\" alt=\"How do examples impact divergent thinking? The interplay between associative and executive processes\">\n                        <\/div><!-- featured-thumb -->\n                                    <\/div><!-- tx-post-alter-image-content -->\n\n                                <div class=\"tx-post-alter-text-content\">\n                                            <h3 class=\"tx-post-alter-title\">\n                           <a href=\"https:\/\/creo.uqam.ca\/en\/portfolio\/how-do-examples-impact-divergent-thinking-the-interplay-between-associative-and-executive-processes\/\" title=\"How do examples impact divergent thinking? The interplay between associative and executive processes\" rel=\"bookmark\">\n                            How do examples impact divergent thinking? The interplay between associative and executive processes                            <\/a>\n                        <\/h3>\n                    \n                    <!-- .entry-meta -->\n                                            <div class=\"tx-post-alter-desc\">de Chantal, P.-L., Zielinska, A., Lebuda, I., Karwowski, M. &nbsp; Exposure to examples of varying degrees of originality may impact creative thinking differently, resulting in either a fixation or a stimulation effect. These effects can be interpreted from an associative (bottom-up) or an executive (top-down) perspective. In this preregistered study, we examined the cognitive correlates [&hellip;]<\/div>\n                                                                <a class=\"tx-post-read-more\" href=\"https:\/\/creo.uqam.ca\/en\/portfolio\/how-do-examples-impact-divergent-thinking-the-interplay-between-associative-and-executive-processes\/\">+<\/a>\n                                    <\/div><!-- tx-post-alter-text-content -->\n                \n            <\/div><!-- tx-post-alter-wrap -->\n                    <div class=\"tx-post-alter-wrap\">\n\n                <div class=\"tx-post-alter-image-content\">\n                                            <div class=\"featured-thumb\">\n                                                        <img decoding=\"async\" src=\"https:\/\/creo.uqam.ca\/wp-content\/uploads\/2023\/07\/paca_2023_feedback-525x430.png\" alt=\"Automated feedback and creativity: On the role of metacognitive monitoring in divergent thinking\">\n                        <\/div><!-- featured-thumb -->\n                                    <\/div><!-- tx-post-alter-image-content -->\n\n                                <div class=\"tx-post-alter-text-content\">\n                                            <h3 class=\"tx-post-alter-title\">\n                           <a href=\"https:\/\/creo.uqam.ca\/en\/portfolio\/automated-feedback-and-creativity-on-the-role-of-metacognitive-monitoring-in-divergent-thinking\/\" title=\"Automated feedback and creativity: On the role of metacognitive monitoring in divergent thinking\" rel=\"bookmark\">\n                            Automated feedback and creativity: On the role of metacognitive monitoring in divergent thinking                            <\/a>\n                        <\/h3>\n                    \n                    <!-- .entry-meta -->\n                                            <div class=\"tx-post-alter-desc\">de Chantal, P.-L., Organisciak, P. &nbsp; Creativity can be seen as the interplay of various cognitive factors, such as associative, executive, and metacognitive processes. Here, we test the specific role of metacognitive monitoring and how external feedback can support creative ideation. In a series of three studies, we show the benefits of a novel automated [&hellip;]<\/div>\n                                                                <a class=\"tx-post-read-more\" href=\"https:\/\/creo.uqam.ca\/en\/portfolio\/automated-feedback-and-creativity-on-the-role-of-metacognitive-monitoring-in-divergent-thinking\/\">+<\/a>\n                                    <\/div><!-- tx-post-alter-text-content -->\n                \n            <\/div><!-- tx-post-alter-wrap -->\n                \n            <div class=\"tx-clear\"><\/div>\n\n            <!-- pagination -->\n            <nav class='tx-pagination'><span aria-current=\"page\" class=\"page-numbers current\">1<\/span>\n<a class=\"page-numbers\" href=\"https:\/\/creo.uqam.ca\/en\/wp-json\/wp\/v2\/pages\/3325\/page\/2\">2<\/a>\n<a class=\"page-numbers\" href=\"https:\/\/creo.uqam.ca\/en\/wp-json\/wp\/v2\/pages\/3325\/page\/3\">3<\/a>\n<span class=\"page-numbers dots\">&hellip;<\/span>\n<a class=\"page-numbers\" href=\"https:\/\/creo.uqam.ca\/en\/wp-json\/wp\/v2\/pages\/3325\/page\/5\">5<\/a>\n<a class=\"next page-numbers\" href=\"https:\/\/creo.uqam.ca\/en\/wp-json\/wp\/v2\/pages\/3325\/page\/2\"><i class=\"bi bi-arrow-right\"><\/i><\/a><\/nav>\n\t\t\t\t<\/div>\n\t\t\t\t<\/div>\n\t\t\t\t\t<\/div>\n\t\t<\/div>\n\t\t\t\t\t<\/div>\n\t\t<\/section>\n\t\t\t\t<section class=\"elementor-section elementor-top-section elementor-element elementor-element-8d323ac elementor-section-stretched elementor-section-boxed elementor-section-height-default elementor-section-height-default\" data-id=\"8d323ac\" data-element_type=\"section\" data-e-type=\"section\" data-settings=\"{&quot;stretch_section&quot;:&quot;section-stretched&quot;,&quot;background_background&quot;:&quot;classic&quot;}\">\n\t\t\t\t\t\t\t<div class=\"elementor-background-overlay\"><\/div>\n\t\t\t\t\t\t\t<div class=\"elementor-container elementor-column-gap-default\">\n\t\t\t\t\t<div class=\"elementor-column elementor-col-33 elementor-top-column elementor-element elementor-element-03cb5dc\" data-id=\"03cb5dc\" data-element_type=\"column\" data-e-type=\"column\">\n\t\t\t<div class=\"elementor-widget-wrap\">\n\t\t\t\t\t\t\t<\/div>\n\t\t<\/div>\n\t\t\t\t<div class=\"elementor-column elementor-col-33 elementor-top-column elementor-element elementor-element-909a8e3\" data-id=\"909a8e3\" data-element_type=\"column\" data-e-type=\"column\">\n\t\t\t<div class=\"elementor-widget-wrap elementor-element-populated\">\n\t\t\t\t\t\t<section class=\"elementor-section elementor-inner-section elementor-element elementor-element-2d958b7 elementor-section-boxed elementor-section-height-default elementor-section-height-default\" data-id=\"2d958b7\" data-element_type=\"section\" data-e-type=\"section\">\n\t\t\t\t\t\t<div class=\"elementor-container elementor-column-gap-default\">\n\t\t\t\t\t<div class=\"elementor-column elementor-col-50 elementor-inner-column elementor-element elementor-element-faa7668\" data-id=\"faa7668\" data-element_type=\"column\" data-e-type=\"column\">\n\t\t\t<div class=\"elementor-widget-wrap elementor-element-populated\">\n\t\t\t\t\t\t<div class=\"elementor-element elementor-element-1489938 elementor-widget__width-inherit elementor-invisible elementor-widget elementor-widget-image\" data-id=\"1489938\" data-element_type=\"widget\" data-e-type=\"widget\" data-settings=\"{&quot;_animation&quot;:&quot;fadeIn&quot;}\" data-widget_type=\"image.default\">\n\t\t\t\t<div class=\"elementor-widget-container\">\n\t\t\t\t\t\t\t\t\t\t\t\t\t\t\t<img decoding=\"async\" width=\"150\" height=\"57\" src=\"https:\/\/creo.uqam.ca\/wp-content\/uploads\/2023\/06\/creo_logo_full_white.png\" class=\"attachment-thumbnail size-thumbnail wp-image-1822\" alt=\"\" \/>\t\t\t\t\t\t\t\t\t\t\t\t\t\t\t<\/div>\n\t\t\t\t<\/div>\n\t\t\t\t\t<\/div>\n\t\t<\/div>\n\t\t\t\t<div class=\"elementor-column elementor-col-50 elementor-inner-column elementor-element elementor-element-db95de6\" data-id=\"db95de6\" data-element_type=\"column\" data-e-type=\"column\">\n\t\t\t<div class=\"elementor-widget-wrap elementor-element-populated\">\n\t\t\t\t\t\t<div class=\"elementor-element elementor-element-4c714d0 elementor-widget elementor-widget-spacer\" data-id=\"4c714d0\" data-element_type=\"widget\" data-e-type=\"widget\" data-widget_type=\"spacer.default\">\n\t\t\t\t<div class=\"elementor-widget-container\">\n\t\t\t\t\t\t\t<div class=\"elementor-spacer\">\n\t\t\t<div class=\"elementor-spacer-inner\"><\/div>\n\t\t<\/div>\n\t\t\t\t\t\t<\/div>\n\t\t\t\t<\/div>\n\t\t\t\t<div class=\"elementor-element elementor-element-0be7e93 elementor-shape-circle elementor-grid-0 e-grid-align-center elementor-widget elementor-widget-social-icons\" data-id=\"0be7e93\" data-element_type=\"widget\" data-e-type=\"widget\" data-settings=\"{&quot;_animation&quot;:&quot;none&quot;}\" data-widget_type=\"social-icons.default\">\n\t\t\t\t<div class=\"elementor-widget-container\">\n\t\t\t\t\t\t\t<div class=\"elementor-social-icons-wrapper elementor-grid\" role=\"list\">\n\t\t\t\t\t\t\t<span class=\"elementor-grid-item\" role=\"listitem\">\n\t\t\t\t\t<a class=\"elementor-icon elementor-social-icon elementor-social-icon-facebook-f elementor-animation-grow elementor-repeater-item-9c86cde\" href=\"https:\/\/www.facebook.com\/profile.php?id=100087380961551\" target=\"_blank\">\n\t\t\t\t\t\t<span class=\"elementor-screen-only\">Facebook-f<\/span>\n\t\t\t\t\t\t<i aria-hidden=\"true\" class=\"fab fa-facebook-f\"><\/i>\t\t\t\t\t<\/a>\n\t\t\t\t<\/span>\n\t\t\t\t\t\t\t<span class=\"elementor-grid-item\" role=\"listitem\">\n\t\t\t\t\t<a class=\"elementor-icon elementor-social-icon elementor-social-icon-instagram elementor-animation-grow elementor-repeater-item-7bcbd9e\" href=\"https:\/\/www.instagram.com\/laboratoire_creo\/?fbclid=IwAR1QBIDM8kR53Bv-9Pa9FXOezEDY9CJRBtRqHaOq1qqXBw8R2oaLJt7DkWs\" target=\"_blank\">\n\t\t\t\t\t\t<span class=\"elementor-screen-only\">Instagram<\/span>\n\t\t\t\t\t\t<i aria-hidden=\"true\" class=\"fab fa-instagram\"><\/i>\t\t\t\t\t<\/a>\n\t\t\t\t<\/span>\n\t\t\t\t\t\t\t<span class=\"elementor-grid-item\" role=\"listitem\">\n\t\t\t\t\t<a class=\"elementor-icon elementor-social-icon elementor-social-icon-envelope elementor-animation-grow elementor-repeater-item-268aa82\" href=\"https:\/\/creo.uqam.ca\/contact\/\">\n\t\t\t\t\t\t<span class=\"elementor-screen-only\">Envelope<\/span>\n\t\t\t\t\t\t<i aria-hidden=\"true\" class=\"fas fa-envelope\"><\/i>\t\t\t\t\t<\/a>\n\t\t\t\t<\/span>\n\t\t\t\t\t<\/div>\n\t\t\t\t\t\t<\/div>\n\t\t\t\t<\/div>\n\t\t\t\t\t<\/div>\n\t\t<\/div>\n\t\t\t\t\t<\/div>\n\t\t<\/section>\n\t\t\t\t\t<\/div>\n\t\t<\/div>\n\t\t\t\t<div class=\"elementor-column elementor-col-33 elementor-top-column elementor-element elementor-element-b00811e\" data-id=\"b00811e\" data-element_type=\"column\" data-e-type=\"column\">\n\t\t\t<div class=\"elementor-widget-wrap\">\n\t\t\t\t\t\t\t<\/div>\n\t\t<\/div>\n\t\t\t\t\t<\/div>\n\t\t<\/section>\n\t\t\t\t<\/div>\n\t\t","protected":false},"excerpt":{"rendered":"<p class=\"tx-excerpt\">RECHERCHE Publications Facebook-f Instagram Envelope Voir la liste compl\u00e8te Cognitive Control and Creativity in Children: The Role ofTask-Specific Demands in Divergent Thinking de Chantal, P.-L., Leblanc, M.-C., Houde-Labrecque, C., Labrie, C. &nbsp; Cognitive control is...<\/p>","protected":false},"author":1,"featured_media":0,"parent":0,"menu_order":0,"comment_status":"closed","ping_status":"closed","template":"templates\/blank.php","meta":{"footnotes":""},"class_list":["post-3325","page","type-page","status-publish","hentry"],"_links":{"self":[{"href":"https:\/\/creo.uqam.ca\/en\/wp-json\/wp\/v2\/pages\/3325","targetHints":{"allow":["GET"]}}],"collection":[{"href":"https:\/\/creo.uqam.ca\/en\/wp-json\/wp\/v2\/pages"}],"about":[{"href":"https:\/\/creo.uqam.ca\/en\/wp-json\/wp\/v2\/types\/page"}],"author":[{"embeddable":true,"href":"https:\/\/creo.uqam.ca\/en\/wp-json\/wp\/v2\/users\/1"}],"replies":[{"embeddable":true,"href":"https:\/\/creo.uqam.ca\/en\/wp-json\/wp\/v2\/comments?post=3325"}],"version-history":[{"count":139,"href":"https:\/\/creo.uqam.ca\/en\/wp-json\/wp\/v2\/pages\/3325\/revisions"}],"predecessor-version":[{"id":3906,"href":"https:\/\/creo.uqam.ca\/en\/wp-json\/wp\/v2\/pages\/3325\/revisions\/3906"}],"wp:attachment":[{"href":"https:\/\/creo.uqam.ca\/en\/wp-json\/wp\/v2\/media?parent=3325"}],"curies":[{"name":"wp","href":"https:\/\/api.w.org\/{rel}","templated":true}]}}